{"id":5540,"date":"2019-03-08T10:59:29","date_gmt":"2019-03-08T10:59:29","guid":{"rendered":"http:\/\/159.89.165.233\/staging\/simulatemore\/?page_id=5540"},"modified":"2019-04-11T18:33:14","modified_gmt":"2019-04-11T18:33:14","slug":"university-events","status":"publish","type":"page","link":"https:\/\/simulatemore.mscsoftware.com\/Academic\/university-events\/","title":{"rendered":"University Events"},"content":{"rendered":"<p>[vc_row content_width=&#8221;grid&#8221; css=&#8221;.vc_custom_1552048259728{padding-top: 63px !important;padding-bottom: 34px !important;background-position: center !important;background-repeat: no-repeat !important;background-size: cover !important;}&#8221;][vc_column][vc_column_text]<\/p>\n<h2>Upcoming events :<\/h2>\n<p>[\/vc_column_text][vc_empty_space height=&#8221;40px&#8221;][vc_raw_html]JTNDdGFibGUlMjBjbGFzcyUzRCUyMnFvZGVmLXNlcnZpY2UtdGFibGUtaG9sZGVyJTIyJTNFJTBBJTNDdGJvZHklM0UlMEElM0N0ciUyMHN0eWxlJTNEJTIyYmFja2dyb3VuZC1jb2xvciUzQSUyM2Y4ZjhmOCUzQnBhZGRpbmclM0ElMjAyMXB4JTIwMjdweCUzQiUyMiUzRSUwQSUzQ3RkJTNFJTIwJTNDc3Ryb25nJTNFUGxhY2UlMjZuYnNwJTNCJTNDJTJGc3Ryb25nJTNFJTIwJTNDJTJGdGQlM0UlMEElM0N0ZCUzRSUyMCUzQ3N0cm9uZyUzRURhdGUlM0MlMkZzdHJvbmclM0UlMjAlM0MlMkZ0ZCUzRSUwQSUzQ3RkJTNFJTIwJTNDc3Ryb25nJTNFRGVzY3JpcHRpb24lM0MlMkZzdHJvbmclM0UlMjAlM0MlMkZ0ZCUzRSUwQSUzQyUyRnRyJTNFJTBBJTNDdHIlM0UlM0N0ZCUzRSUyMEV2ZW50JTIwJUUyJTgwJTkzJTIwUGFyaXMlMjAlMjAlM0MlMkZ0ZCUzRSUzQ3RkJTNFJTIwQXByaWwlMjAxMCUyQyUyMDIwMTklMjAlM0MlMkZ0ZCUzRSUzQ3RkJTNFJTIwU2VtaW5hciUyMGFib3V0JTIwTVNDJTIwU2ltdWxhdGlvbnMlMjBhdCUyMFVUQyUyMENvbXBpZWduZSUyMCUzQyUyRnRkJTNFJTNDJTJGdHIlM0UlMEElM0N0ciUzRSUwQSUzQ3RkJTNFJTIwRXZlbnQlMjAlRTIlODAlOTMlMjBQYXJpcyUyMCUzQyUyRnRkJTNFJTBBJTNDdGQlM0UlMjBBcHJpbCUyMDE3LTE4JTJDJTIwJTIwMjAxOSUyMCUzQyUyRnRkJTNFJTBBJTNDdGQlM0UlMjAlM0NzcGFuJTIwY2xhc3MlM0QlMjJjaGFuZ2VDb2xvciUyMiUzRSUzQ2ElMjByZWwlM0QlMjJub3JlZmVycmVyJTIwbm9vcGVuZXIlMjIlMjBocmVmJTNEJTIyaHR0cHMlM0ElMkYlMkZwYWdlcy5tc2Nzb2Z0d2FyZS5jb20lMkZEaWdpdGFsRGF5cy1SZWdpc3RyYXRpb24uaHRtbCUyMiUyMHRhcmdldCUzRCUyMl9ibGFuayUyMiUzRURpZ2l0YWwlMjBEYXlzJTIwJUUyJTgwJTkzJTIwTVNDJTIwQ29uZmVyZW5jZSUyMG9wZW4lMjB0byUyMGFjYWRlbWlhJTNDJTJGYSUzRSUzQyUyRnNwYW4lM0UlMjZuYnNwJTNCJTIwJTNDJTJGdGQlM0UlMEElM0MlMkZ0ciUzRSUwQSUzQyUyRnRib2R5JTNFJTNDJTJGdGFibGUlM0U=[\/vc_raw_html][vc_empty_space height=&#8221;40px&#8221;][\/vc_column][\/vc_row][vc_row content_width=&#8221;grid&#8221; content_aligment=&#8221;center&#8221; css=&#8221;.vc_custom_1554402658011{padding-top: 52px !important;padding-bottom: 40px !important;background-image: url(https:\/\/simulatemore.mscsoftware.com\/Academic\/wp-content\/uploads\/2019\/03\/DD-Saclay_042019.png?id=5854) !important;background-position: center !important;background-repeat: no-repeat !important;background-size: contain !important;}&#8221;][vc_column][vc_empty_space height=&#8221;50px&#8221;][\/vc_column][\/vc_row][vc_row content_width=&#8221;grid&#8221; css=&#8221;.vc_custom_1552048259728{padding-top: 63px !important;padding-bottom: 34px !important;background-position: center !important;background-repeat: no-repeat !important;background-size: cover !important;}&#8221;][vc_column][vc_raw_html]JTNDdGFibGUlMjBjbGFzcyUzRCUyMnFvZGVmLXNlcnZpY2UtdGFibGUtaG9sZGVyJTIyJTNFJTBBJTNDdGJvZHklM0UlMEElMEElM0N0ciUzRSUzQ3RkJTNFJTIwRXZlbnQlMjAlRTIlODAlOTMlMjBTd2VkZW4lMjAlMjAlM0MlMkZ0ZCUzRSUzQ3RkJTNFJTIwTWF5JTIwMTMlMjAlRTIlODAlOTMlMjAxNSUyQyUyMDIwMTklMjAlM0MlMkZ0ZCUzRSUzQ3RkJTNFJTIwJTNDc3BhbiUyMGNsYXNzJTNEJTIyY2hhbmdlQ29sb3IlMjIlM0UlM0NhJTIwcmVsJTNEJTIybm9yZWZlcnJlciUyMG5vb3BlbmVyJTIyJTIwaHJlZiUzRCUyMmh0dHBzJTNBJTJGJTJGbG5rZC5pbiUyRmV3dXk1alElMjIlMjB0YXJnZXQlM0QlMjJfYmxhbmslMjIlM0VDZW50cmUlMjBmb3IlMjBBZGRpdGl2ZSUyME1hbnVmYWN0dXJpbmclMjAlRTIlODAlOTMlMjBNZXRhbCUyMCUyOENBTTIlMjklMjBhdCUyMENoYWxtZXJzJTIwVW5pdmVyc2l0eSUyMG9mJTIwVGVjaG5vbG9neSUyQyUyMEdvdGhlbmJ1cmclMkMlMjBTd2VkZW4lM0MlMkZhJTNFJTNDJTJGc3BhbiUzRSUyNm5ic3AlM0IlMjAlM0MlMkZ0ZCUzRSUzQyUyRnRyJTNFJTNDJTJGdGJvZHklM0UlM0MlMkZ0YWJsZSUzRQ==[\/vc_raw_html][vc_empty_space height=&#8221;20px&#8221;][vc_single_image image=&#8221;5855&#8243; img_size=&#8221;large&#8221; alignment=&#8221;center&#8221;][\/vc_column][\/vc_row][vc_row content_width=&#8221;grid&#8221; css=&#8221;.vc_custom_1552048259728{padding-top: 63px !important;padding-bottom: 34px !important;background-position: center !important;background-repeat: no-repeat !important;background-size: cover !important;}&#8221;][vc_column][vc_column_text]<\/p>\n<h2>Past events :<\/h2>\n<p>[\/vc_column_text][vc_empty_space height=&#8221;40px&#8221;][vc_raw_html]JTNDdGFibGUlMjBjbGFzcyUzRCUyMndwLWJsb2NrLXRhYmxlJTIyJTNFJTNDdGJvZHklM0UlM0N0ciUyMHN0eWxlJTNEJTIyYmFja2dyb3VuZC1jb2xvciUzQSUyM2Y4ZjhmOCUzQiUyMiUzRSUwQSUzQ3RkJTNFJTNDc3Ryb25nJTNFUGxhY2UlM0MlMkZzdHJvbmclM0UlM0MlMkZ0ZCUzRSUwQSUzQ3RkJTNFJTNDc3Ryb25nJTNFRGF0ZSUzQyUyRnN0cm9uZyUzRSUzQyUyRnRkJTNFJTBBJTNDdGQlM0UlM0NzdHJvbmclM0VEZXNjcmlwdGlvbiUzQyUyRnN0cm9uZyUzRSUzQyUyRnRkJTNFJTBBJTNDJTJGdHIlM0UlMEElM0N0ciUzRSUzQ3RkJTNFJTIwV2ViaW5hciUyMCUzQyUyRnRkJTNFJTBBJTNDdGQlM0UlMjBNYXJjaCUyMDEzJTJDJTIwMjAxOSUyMCUzQyUyRnRkJTNFJTBBJTNDdGQlM0UlMjAlM0NzcGFuJTIwY2xhc3MlM0QlMjJjaGFuZ2VDb2xvciUyMiUzRSUzQ2ElMjByZWwlM0QlMjJub3JlZmVycmVyJTIwbm9vcGVuZXIlMjIlMjBocmVmJTNEJTIyaHR0cHMlM0ElMkYlMkZtc2Nzb2Z0d2FyZS53ZWJleC5jb20lMkZtc2Nzb2Z0d2FyZSUyRm9uc3RhZ2UlMkZnLnBocCUzRk1USUQlM0RlOTQ3OWNmY2ExM2ZhMzhjMTYyOGFjMDE5YjA4NDNkYzIlMjIlMjB0YXJnZXQlM0QlMjJfYmxhbmslMjIlM0VBZGFtcyUyMDIwMTkuMCUyMFJlbGVhc2UlMjBIaWdobGlnaHRzJTNDJTJGYSUzRSUzQyUyRnNwYW4lM0UlMjZuYnNwJTNCJTIwJTNDJTJGdGQlM0UlMEElM0MlMkZ0ciUzRSUwQSUzQ3RyJTNFJTNDdGQlM0VOYW50ZXMlMjAlRTIlODAlOTMlMjBGcmFuY2UlMjAlM0MlMkZ0ZCUzRSUzQ3RkJTNFRGVjZW1iZXIlMjAxMSUyQyUyMDIwMTglMjAlM0MlMkZ0ZCUzRSUwQSUzQ3RkJTNFQ29uZmVyZW5jZSUyMGF0JTIwdGhlJTIwRWNvbGUlMjBDZW50cmFsZSUyMGRlJTIwTmFudGVzJTIwZGVkaWNhdGVkJTIwdG8lMjBBZGRpdGl2ZSUyME1hbnVmYWN0dXJpbmclMjBpbiUyMFNpbXVsYXRpb24lM0MlMkZ0ZCUzRSUzQyUyRnRyJTNFJTBBJTNDdHIlM0UlM0N0ZCUzRSUyMEl2cnklMjBzdXIlMjBTZWluZSUyMCVFMiU4MCU5MyUyMEZyYW5jZSUyMCUzQyUyRnRkJTNFJTBBJTNDdGQlM0UlMjBNYXklMjAzJTJDJTIwMjAxOCUyMCUzQyUyRnRkJTNFJTBBJTNDdGQlM0UlMjBDb25mZXJlbmNlJTIwaG9zdGVkJTIwYnklMjBNU0MlMjBmb3IlMjAxNTAlMjBzdHVkZW50cyUyMGFuZCUyMHRlYWNoZXJzJTIwJTNDJTJGdGQlM0UlM0MlMkZ0ciUzRSUwQSUzQ3RyJTNFJTNDdGQlM0UlMjBDb21waSVDMyVBOGduZSUyMCVFMiU4MCU5MyUyMEZyYW5jZSUyMCUzQyUyRnRkJTNFJTNDdGQlM0UlMjBBcHJpbCUyMDE0JTJDJTIwMjAxOCUzQyUyRnRkJTNFJTNDdGQlM0UlMjBTZW1pbmFyJTIwTVNDJTIwYXQlMjBVVEMlMjBDb21waWVnbmUlMjBhYm91dCUyMHRoZSUyMHdvcmxkJTIwb2YlMjBTaW11bGF0aW9uJTIwJTIwJTNDJTJGdGQlM0UlM0MlMkZ0ciUzRSUzQyUyRnRib2R5JTNFJTNDJTJGdGFibGUlM0UlMEE=[\/vc_raw_html][vc_empty_space height=&#8221;30px&#8221;][vc_row_inner][vc_column_inner width=&#8221;1\/3&#8243;][vc_single_image image=&#8221;5856&#8243; img_size=&#8221;medium&#8221; alignment=&#8221;center&#8221; onclick=&#8221;link_image&#8221;][\/vc_column_inner][vc_column_inner width=&#8221;1\/3&#8243;][vc_single_image image=&#8221;5853&#8243; img_size=&#8221;medium&#8221; onclick=&#8221;link_image&#8221;][\/vc_column_inner][vc_column_inner width=&#8221;1\/3&#8243;][\/vc_column_inner][\/vc_row_inner][\/vc_column][\/vc_row][vc_row content_width=&#8221;grid&#8221; css=&#8221;.vc_custom_1445430340482{padding-top: 92px !important;padding-bottom: 59px !important;}&#8221;][vc_column][vc_column_text]<\/p>\n<h2 class=\"elementor-heading-title elementor-size-default\">Press Releases :<\/h2>\n<p>[\/vc_column_text][vc_empty_space height=&#8221;20px&#8221;][\/vc_column][vc_column width=&#8221;1\/3&#8243;][vc_single_image image=&#8221;5861&#8243; alignment=&#8221;center&#8221;][vc_empty_space height=&#8221;15px&#8221;][vc_column_text]<\/p>\n<h4 class=\"elementor-image-box-title\"><span class=\"changeColor\"><a href=\"http:\/\/www.dailycadcam.com\/frances-universite-de-lorraine-includes-digimat-in-ufr-mim-master-2-program\/#prettyPhoto\">Digimat Master Program<\/a><\/span><\/h4>\n<p>[\/vc_column_text][vc_empty_space height=&#8221;10px&#8221;][vc_column_text]- Jan 7, 2019 &#8211;<\/p>\n<p><span class=\"changeColor\"><a href=\"http:\/\/www.mscsoftware.com\/fr\/news\/luniversite-de-lorraine-integre-le-logiciel-digimat-au-sein-de-son-programme-master-2-mecanique\">L\u2019Universit\u00e9 de Lorraine int\u00e8gre le logiciel Digimat au sein de son programme \u00ab Master 2- M\u00e9canique I2M \u00bb<\/a><\/span>[\/vc_column_text][vc_empty_space height=&#8221;40px&#8221;][\/vc_column][vc_column width=&#8221;1\/3&#8243;][vc_single_image image=&#8221;5862&#8243; alignment=&#8221;center&#8221;][vc_empty_space height=&#8221;15px&#8221;][vc_column_text]<\/p>\n<h4 class=\"elementor-image-box-title\"><span class=\"changeColor\"><a href=\"http:\/\/www.mscsoftware.com\/fr\/news\/msc-software-annonce-cadlm-comme-son-nouveau-partenaire-commercial-en-france\">New Partner in France<\/a><\/span><\/h4>\n<p>[\/vc_column_text][vc_empty_space height=&#8221;10px&#8221;][vc_column_text]- Nov 26, 2018 &#8211;<br \/>\n<span class=\"changeColor\"><br \/>\n<a href=\"http:\/\/www.mscsoftware.com\/fr\/news\/msc-software-annonce-cadlm-comme-son-nouveau-partenaire-commercial-en-france\" target=\"_top\" rel=\"noopener noreferrer\">MSC Software annonce CADLM comme son nouveau partenaire commercial en France<\/a><\/span>[\/vc_column_text][vc_empty_space height=&#8221;40px&#8221;][\/vc_column][vc_column width=&#8221;1\/3&#8243;][vc_single_image image=&#8221;5863&#8243; alignment=&#8221;center&#8221;][vc_empty_space height=&#8221;15px&#8221;][vc_column_text]<\/p>\n<h4 class=\"elementor-image-box-title\"><span class=\"changeColor\"><a href=\"http:\/\/www.mscsoftware.com\/fr\/news\/latelier-fabrication-additive-du-cern-choisi-simufact-additive-pour-la-simulation-des-procedes\">CERN use Simufact Additive<\/a><\/span><\/h4>\n<p>[\/vc_column_text][vc_empty_space height=&#8221;10px&#8221;][vc_column_text]- mai 31, 2018\u00a0&#8211;<br \/>\n<span class=\"changeColor\"><br \/>\n<a href=\"http:\/\/www.mscsoftware.com\/fr\/news\/latelier-fabrication-additive-du-cern-choisi-simufact-additive-pour-la-simulation-des-procedes\" target=\"_top\" rel=\"noopener noreferrer\">L&#8217;atelier Fabrication Additive du CERN choisi Simufact Additive pour la simulation des proc\u00e9d\u00e9s de fabrication additive m\u00e9tallique<\/a><\/span>[\/vc_column_text][vc_empty_space height=&#8221;40px&#8221;][\/vc_column][\/vc_row]<\/p>\n","protected":false},"excerpt":{"rendered":"<p>[vc_row content_width=&#8221;grid&#8221; css=&#8221;.vc_custom_1552048259728{padding-top: 63px !important;padding-bottom: 34px !important;background-position: center !important;background-repeat: no-repeat !important;background-size: cover !important;}&#8221;][vc_column][vc_column_text] Upcoming events : [\/vc_column_text][vc_empty_space height=&#8221;40px&#8221;][vc_raw_html]JTNDdGFibGUlMjBjbGFzcyUzRCUyMnFvZGVmLXNlcnZpY2UtdGFibGUtaG9sZGVyJTIyJTNFJTBBJTNDdGJvZHklM0UlMEElM0N0ciUyMHN0eWxlJTNEJTIyYmFja2dyb3VuZC1jb2xvciUzQSUyM2Y4ZjhmOCUzQnBhZGRpbmclM0ElMjAyMXB4JTIwMjdweCUzQiUyMiUzRSUwQSUzQ3RkJTNFJTIwJTNDc3Ryb25nJTNFUGxhY2UlMjZuYnNwJTNCJTNDJTJGc3Ryb25nJTNFJTIwJTNDJTJGdGQlM0UlMEElM0N0ZCUzRSUyMCUzQ3N0cm9uZyUzRURhdGUlM0MlMkZzdHJvbmclM0UlMjAlM0MlMkZ0ZCUzRSUwQSUzQ3RkJTNFJTIwJTNDc3Ryb25nJTNFRGVzY3JpcHRpb24lM0MlMkZzdHJvbmclM0UlMjAlM0MlMkZ0ZCUzRSUwQSUzQyUyRnRyJTNFJTBBJTNDdHIlM0UlM0N0ZCUzRSUyMEV2ZW50JTIwJUUyJTgwJTkzJTIwUGFyaXMlMjAlMjAlM0MlMkZ0ZCUzRSUzQ3RkJTNFJTIwQXByaWwlMjAxMCUyQyUyMDIwMTklMjAlM0MlMkZ0ZCUzRSUzQ3RkJTNFJTIwU2VtaW5hciUyMGFib3V0JTIwTVNDJTIwU2ltdWxhdGlvbnMlMjBhdCUyMFVUQyUyMENvbXBpZWduZSUyMCUzQyUyRnRkJTNFJTNDJTJGdHIlM0UlMEElM0N0ciUzRSUwQSUzQ3RkJTNFJTIwRXZlbnQlMjAlRTIlODAlOTMlMjBQYXJpcyUyMCUzQyUyRnRkJTNFJTBBJTNDdGQlM0UlMjBBcHJpbCUyMDE3LTE4JTJDJTIwJTIwMjAxOSUyMCUzQyUyRnRkJTNFJTBBJTNDdGQlM0UlMjAlM0NzcGFuJTIwY2xhc3MlM0QlMjJjaGFuZ2VDb2xvciUyMiUzRSUzQ2ElMjByZWwlM0QlMjJub3JlZmVycmVyJTIwbm9vcGVuZXIlMjIlMjBocmVmJTNEJTIyaHR0cHMlM0ElMkYlMkZwYWdlcy5tc2Nzb2Z0d2FyZS5jb20lMkZEaWdpdGFsRGF5cy1SZWdpc3RyYXRpb24uaHRtbCUyMiUyMHRhcmdldCUzRCUyMl9ibGFuayUyMiUzRURpZ2l0YWwlMjBEYXlzJTIwJUUyJTgwJTkzJTIwTVNDJTIwQ29uZmVyZW5jZSUyMG9wZW4lMjB0byUyMGFjYWRlbWlhJTNDJTJGYSUzRSUzQyUyRnNwYW4lM0UlMjZuYnNwJTNCJTIwJTNDJTJGdGQlM0UlMEElM0MlMkZ0ciUzRSUwQSUzQyUyRnRib2R5JTNFJTNDJTJGdGFibGUlM0U=[\/vc_raw_html][vc_empty_space height=&#8221;40px&#8221;][\/vc_column][\/vc_row][vc_row content_width=&#8221;grid&#8221; content_aligment=&#8221;center&#8221;&#8230;<\/p>\n","protected":false},"author":1,"featured_media":0,"parent":0,"menu_order":0,"comment_status":"closed","ping_status":"closed","template":"full-width.php","meta":[],"_links":{"self":[{"href":"https:\/\/simulatemore.mscsoftware.com\/Academic\/wp-json\/wp\/v2\/pages\/5540"}],"collection":[{"href":"https:\/\/simulatemore.mscsoftware.com\/Academic\/wp-json\/wp\/v2\/pages"}],"about":[{"href":"https:\/\/simulatemore.mscsoftware.com\/Academic\/wp-json\/wp\/v2\/types\/page"}],"author":[{"embeddable":true,"href":"https:\/\/simulatemore.mscsoftware.com\/Academic\/wp-json\/wp\/v2\/users\/1"}],"replies":[{"embeddable":true,"href":"https:\/\/simulatemore.mscsoftware.com\/Academic\/wp-json\/wp\/v2\/comments?post=5540"}],"version-history":[{"count":25,"href":"https:\/\/simulatemore.mscsoftware.com\/Academic\/wp-json\/wp\/v2\/pages\/5540\/revisions"}],"predecessor-version":[{"id":5988,"href":"https:\/\/simulatemore.mscsoftware.com\/Academic\/wp-json\/wp\/v2\/pages\/5540\/revisions\/5988"}],"wp:attachment":[{"href":"https:\/\/simulatemore.mscsoftware.com\/Academic\/wp-json\/wp\/v2\/media?parent=5540"}],"curies":[{"name":"wp","href":"https:\/\/api.w.org\/{rel}","templated":true}]}}